{"id":52,"date":"2022-03-27T17:10:23","date_gmt":"2022-03-27T17:10:23","guid":{"rendered":"http:\/\/hamilton-art.dk\/?page_id=52"},"modified":"2022-07-03T17:36:45","modified_gmt":"2022-07-03T17:36:45","slug":"nyhedsbrev","status":"publish","type":"page","link":"https:\/\/hamilton-art.dk\/index.php\/nyhedsbrev\/","title":{"rendered":"Nyhedsbrev"},"content":{"rendered":"\t\t<div data-elementor-type=\"wp-page\" data-elementor-id=\"52\" class=\"elementor elementor-52\">\n\t\t\t\t\t\t\t\t\t<section class=\"elementor-section elementor-top-section elementor-element elementor-element-6812bd3 elementor-section-boxed elementor-section-height-default elementor-section-height-default\" data-id=\"6812bd3\" data-element_type=\"section\" data-settings=\"{&quot;background_background&quot;:&quot;classic&quot;}\">\n\t\t\t\t\t\t<div class=\"elementor-container elementor-column-gap-default\">\n\t\t\t\t\t<div class=\"elementor-column elementor-col-100 elementor-top-column elementor-element elementor-element-6043b5b\" data-id=\"6043b5b\" data-element_type=\"column\">\n\t\t\t<div class=\"elementor-widget-wrap elementor-element-populated\">\n\t\t\t\t\t\t\t\t<div class=\"elementor-element elementor-element-fb8f04e elementor-widget elementor-widget-heading\" data-id=\"fb8f04e\" data-element_type=\"widget\" data-widget_type=\"heading.default\">\n\t\t\t\t<div class=\"elementor-widget-container\">\n\t\t\t<style>\/*! elementor - v3.6.5 - 27-04-2022 *\/\n.elementor-heading-title{padding:0;margin:0;line-height:1}.elementor-widget-heading .elementor-heading-title[class*=elementor-size-]>a{color:inherit;font-size:inherit;line-height:inherit}.elementor-widget-heading .elementor-heading-title.elementor-size-small{font-size:15px}.elementor-widget-heading .elementor-heading-title.elementor-size-medium{font-size:19px}.elementor-widget-heading .elementor-heading-title.elementor-size-large{font-size:29px}.elementor-widget-heading .elementor-heading-title.elementor-size-xl{font-size:39px}.elementor-widget-heading .elementor-heading-title.elementor-size-xxl{font-size:59px}<\/style><h2 class=\"elementor-heading-title elementor-size-default\">NYHEDSBREV<\/h2>\t\t<\/div>\n\t\t\t\t<\/div>\n\t\t\t\t\t<\/div>\n\t\t<\/div>\n\t\t\t\t\t\t\t<\/div>\n\t\t<\/section>\n\t\t\t\t<section class=\"elementor-section elementor-top-section elementor-element elementor-element-fff4691 elementor-section-boxed elementor-section-height-default elementor-section-height-default\" data-id=\"fff4691\" data-element_type=\"section\" data-settings=\"{&quot;background_background&quot;:&quot;classic&quot;}\">\n\t\t\t\t\t\t<div class=\"elementor-container elementor-column-gap-default\">\n\t\t\t\t\t<div class=\"elementor-column elementor-col-66 elementor-top-column elementor-element elementor-element-dfa3d2a\" data-id=\"dfa3d2a\" data-element_type=\"column\">\n\t\t\t<div class=\"elementor-widget-wrap elementor-element-populated\">\n\t\t\t\t\t\t\t\t<div class=\"elementor-element elementor-element-49fc00a elementor-widget elementor-widget-text-editor\" data-id=\"49fc00a\" data-element_type=\"widget\" data-widget_type=\"text-editor.default\">\n\t\t\t\t<div class=\"elementor-widget-container\">\n\t\t\t<style>\/*! elementor - v3.6.5 - 27-04-2022 *\/\n.elementor-widget-text-editor.elementor-drop-cap-view-stacked .elementor-drop-cap{background-color:#818a91;color:#fff}.elementor-widget-text-editor.elementor-drop-cap-view-framed .elementor-drop-cap{color:#818a91;border:3px solid;background-color:transparent}.elementor-widget-text-editor:not(.elementor-drop-cap-view-default) .elementor-drop-cap{margin-top:8px}.elementor-widget-text-editor:not(.elementor-drop-cap-view-default) .elementor-drop-cap-letter{width:1em;height:1em}.elementor-widget-text-editor .elementor-drop-cap{float:left;text-align:center;line-height:1;font-size:50px}.elementor-widget-text-editor .elementor-drop-cap-letter{display:inline-block}<\/style>\t\t\t\t\t\t\t\t\t\t<\/div>\n\t\t\t\t<\/div>\n\t\t\t\t<div class=\"elementor-element elementor-element-361e7af elementor-widget elementor-widget-text-editor\" data-id=\"361e7af\" data-element_type=\"widget\" data-widget_type=\"text-editor.default\">\n\t\t\t\t<div class=\"elementor-widget-container\">\n\t\t\t\t\t\t\t<p class=\"MsoNormal\"><span style=\"font-size: 14.0pt; line-height: 107%; font-family: 'Comic Sans MS';\">K\u00e6re gamle som nye kunder!<\/span><\/p><p class=\"MsoNormal\"><span style=\"font-size: 14.0pt; line-height: 107%; font-family: 'Comic Sans MS';\">Galleriets \u00e5bningstider i juli hver weekend 11 \u2013 16<\/span><\/p><p class=\"MsoNormal\"><span style=\"font-size: 14.0pt; line-height: 107%; font-family: 'Comic Sans MS';\">-og i godt vejr<b> alle <\/b>hverdage<\/span><\/p><p class=\"MsoNormal\"><b><span style=\"font-size: 14.0pt; line-height: 107%; font-family: 'Comic Sans MS';\">\u00c5bent alle dage i industriferien minus mandage.<\/span><\/b><\/p><p class=\"MsoNormal\"><span style=\"font-size: 14.0pt; line-height: 107%; font-family: 'Comic Sans MS';\">\u00a0<\/span><\/p><p class=\"MsoNormal\"><span style=\"font-size: 14.0pt; line-height: 107%; font-family: 'Comic Sans MS';\">Det er med gl\u00e6de Hamiltons Havne Galleri atter i \u00e5r inviterer til fernisering p\u00e5 udstillingen:<\/span><\/p><p class=\"MsoNormal\"><b><span style=\"font-size: 14.0pt; line-height: 107%; font-family: 'Comic Sans MS';\">RUSTIKKE RELATIONER III<\/span><\/b><\/p><p class=\"MsoNormal\"><b><span style=\"font-size: 14.0pt; line-height: 107%; font-family: 'Comic Sans MS';\">SAMS\u00d8-BILLEDER &amp; STENT\u00d8J <\/span><\/b><\/p><p class=\"MsoNormal\"><b><span style=\"font-size: 14.0pt; line-height: 107%; font-family: 'Comic Sans MS';\">L\u00d8RDAG DEN 9. JULI 13 -16<\/span><\/b><\/p><p class=\"MsoNormal\"><span style=\"font-size: 14.0pt; line-height: 107%; font-family: 'Comic Sans MS';\">Per Beier er bosiddende p\u00e5 Sams\u00f8, og nev\u00f8 til Birgitte Hamilton. Per er kendt for sine rustikke l\u00e6rreder med en r\u00e5 og sanselig overflade. Han overf\u00f8rer tit l\u00e6rredet p\u00e5 r\u00e5t genbrugst\u00f8mmer, arbejder det intenst igennem med farve og medikamenter, tilf\u00f8rer eksempelvis \u00e6ldede stofrester, fundne metaldele og andre ting fra naturen p\u00e5 Sams\u00f8. Billederne fremst\u00e5r oftest som abstraktioner over landskaber eller rum, hvor flere farvetoner og enkeltheder dukker op jo l\u00e6ngere beskueren betragter billedet. <\/span><\/p><p class=\"MsoNormal\"><span style=\"font-size: 14.0pt; line-height: 107%; font-family: 'Comic Sans MS';\">Birgitte Hamilton driver galleriet p\u00e5 13. s\u00e6son, maler billeder, laver grafiske tryk, keramik \/ stent\u00f8j. Efterh\u00e5nden mest det sidste. Figuren \/ skulpturen har taget over og gl\u00e6den ved at forme og modellerer er stor. Mulighederne uendelige. Ler i fine og is\u00e6r grovere ler arter giver et levende og sanseligt udtryk til de mange ansigter, krukker, buster og skulpturer.<\/span><\/p><p class=\"MsoNormal\"><span style=\"font-size: 14.0pt; line-height: 107%; font-family: 'Comic Sans MS';\">Rustikke Relationer er den 3. udstilling med de to familierelaterede kunstnere, hvis v\u00e6rker supplerer hinanden s\u00e5 godt.<\/span><\/p><p class=\"MsoNormal\"><span style=\"font-size: 14.0pt; line-height: 107%; font-family: 'Comic Sans MS';\">P\u00e5 gensyn den 9. juli kl. 13 \u2013 16 hvor galleriet er v\u00e6rt for et glas vin og lidt knas.<\/span><\/p><p class=\"MsoNormal\"><span style=\"font-size: 14.0pt; line-height: 107%; font-family: 'Comic Sans MS';\">Birgitte Hamilton<\/span><\/p>\t\t\t\t\t\t<\/div>\n\t\t\t\t<\/div>\n\t\t\t\t\t<\/div>\n\t\t<\/div>\n\t\t\t\t<div class=\"elementor-column elementor-col-33 elementor-top-column elementor-element elementor-element-78e16eb\" data-id=\"78e16eb\" data-element_type=\"column\">\n\t\t\t<div class=\"elementor-widget-wrap elementor-element-populated\">\n\t\t\t\t\t\t\t\t<div class=\"elementor-element elementor-element-0ad6ef2 elementor-widget elementor-widget-image\" data-id=\"0ad6ef2\" data-element_type=\"widget\" data-widget_type=\"image.default\">\n\t\t\t\t<div class=\"elementor-widget-container\">\n\t\t\t<style>\/*! elementor - v3.6.5 - 27-04-2022 *\/\n.elementor-widget-image{text-align:center}.elementor-widget-image a{display:inline-block}.elementor-widget-image a img[src$=\".svg\"]{width:48px}.elementor-widget-image img{vertical-align:middle;display:inline-block}<\/style>\t\t\t\t\t\t\t\t\t<figure class=\"wp-caption\">\n\t\t\t\t\t\t\t\t\t\t<img decoding=\"async\" width=\"577\" height=\"1024\" src=\"https:\/\/hamilton-art.dk\/wp-content\/uploads\/2022\/07\/DSC_1114-mindre-577x1024.jpg\" class=\"attachment-large size-large\" alt=\"\" loading=\"lazy\" srcset=\"https:\/\/hamilton-art.dk\/wp-content\/uploads\/2022\/07\/DSC_1114-mindre-577x1024.jpg 577w, https:\/\/hamilton-art.dk\/wp-content\/uploads\/2022\/07\/DSC_1114-mindre-169x300.jpg 169w, https:\/\/hamilton-art.dk\/wp-content\/uploads\/2022\/07\/DSC_1114-mindre-768x1363.jpg 768w, https:\/\/hamilton-art.dk\/wp-content\/uploads\/2022\/07\/DSC_1114-mindre-865x1536.jpg 865w, https:\/\/hamilton-art.dk\/wp-content\/uploads\/2022\/07\/DSC_1114-mindre-1154x2048.jpg 1154w, https:\/\/hamilton-art.dk\/wp-content\/uploads\/2022\/07\/DSC_1114-mindre-1320x2343.jpg 1320w, https:\/\/hamilton-art.dk\/wp-content\/uploads\/2022\/07\/DSC_1114-mindre-scaled.jpg 1442w\" sizes=\"(max-width: 577px) 100vw, 577px\" \/>\t\t\t\t\t\t\t\t\t\t\t<figcaption class=\"widget-image-caption wp-caption-text\">Birgitte Hamilton og nev\u00f8 Per Beier<\/figcaption>\n\t\t\t\t\t\t\t\t\t\t<\/figure>\n\t\t\t\t\t\t\t\t\t<\/div>\n\t\t\t\t<\/div>\n\t\t\t\t<div class=\"elementor-element elementor-element-ef1a8f7 elementor-widget elementor-widget-image\" data-id=\"ef1a8f7\" data-element_type=\"widget\" data-widget_type=\"image.default\">\n\t\t\t\t<div class=\"elementor-widget-container\">\n\t\t\t\t\t\t\t\t\t\t\t\t\t\t\t<img decoding=\"async\" width=\"768\" height=\"1024\" src=\"https:\/\/hamilton-art.dk\/wp-content\/uploads\/2022\/07\/20220628_142041-768x1024.jpg\" class=\"attachment-medium_large size-medium_large\" alt=\"\" loading=\"lazy\" srcset=\"https:\/\/hamilton-art.dk\/wp-content\/uploads\/2022\/07\/20220628_142041-768x1024.jpg 768w, https:\/\/hamilton-art.dk\/wp-content\/uploads\/2022\/07\/20220628_142041-225x300.jpg 225w, https:\/\/hamilton-art.dk\/wp-content\/uploads\/2022\/07\/20220628_142041-1152x1536.jpg 1152w, https:\/\/hamilton-art.dk\/wp-content\/uploads\/2022\/07\/20220628_142041-1536x2048.jpg 1536w, https:\/\/hamilton-art.dk\/wp-content\/uploads\/2022\/07\/20220628_142041-1320x1760.jpg 1320w, https:\/\/hamilton-art.dk\/wp-content\/uploads\/2022\/07\/20220628_142041.jpg 1773w\" sizes=\"(max-width: 768px) 100vw, 768px\" \/>\t\t\t\t\t\t\t\t\t\t\t\t\t\t\t<\/div>\n\t\t\t\t<\/div>\n\t\t\t\t\t<\/div>\n\t\t<\/div>\n\t\t\t\t\t\t\t<\/div>\n\t\t<\/section>\n\t\t\t\t<section class=\"elementor-section elementor-top-section elementor-element elementor-element-39759889 elementor-section-boxed elementor-section-height-default elementor-section-height-default\" data-id=\"39759889\" data-element_type=\"section\" data-settings=\"{&quot;background_background&quot;:&quot;classic&quot;}\">\n\t\t\t\t\t\t<div class=\"elementor-container elementor-column-gap-default\">\n\t\t\t\t\t<div class=\"elementor-column elementor-col-33 elementor-top-column elementor-element elementor-element-201b5688\" data-id=\"201b5688\" data-element_type=\"column\">\n\t\t\t<div class=\"elementor-widget-wrap elementor-element-populated\">\n\t\t\t\t\t\t\t\t<div class=\"elementor-element elementor-element-412c94fa elementor-widget elementor-widget-text-editor\" data-id=\"412c94fa\" data-element_type=\"widget\" data-widget_type=\"text-editor.default\">\n\t\t\t\t<div class=\"elementor-widget-container\">\n\t\t\t\t\t\t\t<p>FIND OS HER:<\/p>\t\t\t\t\t\t<\/div>\n\t\t\t\t<\/div>\n\t\t\t\t<div class=\"elementor-element elementor-element-71c40cfb elementor-widget elementor-widget-text-editor\" data-id=\"71c40cfb\" data-element_type=\"widget\" data-widget_type=\"text-editor.default\">\n\t\t\t\t<div class=\"elementor-widget-container\">\n\t\t\t\t\t\t\t<p>Nordre Beddingsvej, 3390 Hundested Havn<\/p>\t\t\t\t\t\t<\/div>\n\t\t\t\t<\/div>\n\t\t\t\t<div class=\"elementor-element elementor-element-4f545306 elementor-widget elementor-widget-google_maps\" data-id=\"4f545306\" data-element_type=\"widget\" data-widget_type=\"google_maps.default\">\n\t\t\t\t<div class=\"elementor-widget-container\">\n\t\t\t<style>\/*! elementor - v3.6.5 - 27-04-2022 *\/\n.elementor-widget-google_maps .elementor-widget-container{overflow:hidden}.elementor-widget-google_maps iframe{height:300px}<\/style>\t\t<div class=\"elementor-custom-embed\">\n\t\t\t<iframe frameborder=\"0\" scrolling=\"no\" marginheight=\"0\" marginwidth=\"0\"\n\t\t\t\t\tsrc=\"https:\/\/maps.google.com\/maps?q=Nordre%20Beddingsvej%2C%203390%20Hundested&#038;t=m&#038;z=10&#038;output=embed&#038;iwloc=near\"\n\t\t\t\t\ttitle=\"Nordre Beddingsvej, 3390 Hundested\"\n\t\t\t\t\taria-label=\"Nordre Beddingsvej, 3390 Hundested\"\n\t\t\t><\/iframe>\n\t\t<\/div>\n\t\t\t\t<\/div>\n\t\t\t\t<\/div>\n\t\t\t\t\t<\/div>\n\t\t<\/div>\n\t\t\t\t<div class=\"elementor-column elementor-col-33 elementor-top-column elementor-element elementor-element-56e79f88\" data-id=\"56e79f88\" data-element_type=\"column\">\n\t\t\t<div class=\"elementor-widget-wrap elementor-element-populated\">\n\t\t\t\t\t\t\t\t<div class=\"elementor-element elementor-element-6d90d8c3 elementor-widget elementor-widget-text-editor\" data-id=\"6d90d8c3\" data-element_type=\"widget\" data-widget_type=\"text-editor.default\">\n\t\t\t\t<div class=\"elementor-widget-container\">\n\t\t\t\t\t\t\t<p>KONTAKT:<\/p>\t\t\t\t\t\t<\/div>\n\t\t\t\t<\/div>\n\t\t\t\t<div class=\"elementor-element elementor-element-6e382e20 elementor-widget elementor-widget-text-editor\" data-id=\"6e382e20\" data-element_type=\"widget\" data-widget_type=\"text-editor.default\">\n\t\t\t\t<div class=\"elementor-widget-container\">\n\t\t\t\t\t\t\t<p>Telefon: +45 2749 7549<\/p><p>E-mail: <a href=\"mailto:Birgitte.Hamilton67@gmail.com\">Birgitte.Hamilton67@gmail.com<\/a><\/p>\t\t\t\t\t\t<\/div>\n\t\t\t\t<\/div>\n\t\t\t\t\t<\/div>\n\t\t<\/div>\n\t\t\t\t<div class=\"elementor-column elementor-col-33 elementor-top-column elementor-element elementor-element-566c9181\" data-id=\"566c9181\" data-element_type=\"column\">\n\t\t\t<div class=\"elementor-widget-wrap elementor-element-populated\">\n\t\t\t\t\t\t\t\t<div class=\"elementor-element elementor-element-36478f9e elementor-shape-square e-grid-align-mobile-center e-grid-align-tablet-left elementor-grid-0 e-grid-align-center elementor-widget elementor-widget-social-icons\" data-id=\"36478f9e\" data-element_type=\"widget\" data-widget_type=\"social-icons.default\">\n\t\t\t\t<div class=\"elementor-widget-container\">\n\t\t\t<style>\/*! elementor - v3.6.5 - 27-04-2022 *\/\n.elementor-widget-social-icons.elementor-grid-0 .elementor-widget-container,.elementor-widget-social-icons.elementor-grid-mobile-0 .elementor-widget-container,.elementor-widget-social-icons.elementor-grid-tablet-0 .elementor-widget-container{line-height:1;font-size:0}.elementor-widget-social-icons:not(.elementor-grid-0):not(.elementor-grid-tablet-0):not(.elementor-grid-mobile-0) .elementor-grid{display:inline-grid}.elementor-widget-social-icons .elementor-grid{grid-column-gap:var(--grid-column-gap,5px);grid-row-gap:var(--grid-row-gap,5px);grid-template-columns:var(--grid-template-columns);-webkit-box-pack:var(--justify-content,center);-ms-flex-pack:var(--justify-content,center);justify-content:var(--justify-content,center);justify-items:var(--justify-content,center)}.elementor-icon.elementor-social-icon{font-size:var(--icon-size,25px);line-height:var(--icon-size,25px);width:calc(var(--icon-size, 25px) + (2 * var(--icon-padding, .5em)));height:calc(var(--icon-size, 25px) + (2 * var(--icon-padding, .5em)))}.elementor-social-icon{--e-social-icon-icon-color:#fff;display:-webkit-inline-box;display:-ms-inline-flexbox;display:inline-flex;background-color:#818a91;-webkit-box-align:center;-ms-flex-align:center;align-items:center;-webkit-box-pack:center;-ms-flex-pack:center;justify-content:center;text-align:center;cursor:pointer}.elementor-social-icon i{color:var(--e-social-icon-icon-color)}.elementor-social-icon svg{fill:var(--e-social-icon-icon-color)}.elementor-social-icon:last-child{margin:0}.elementor-social-icon:hover{opacity:.9;color:#fff}.elementor-social-icon-android{background-color:#a4c639}.elementor-social-icon-apple{background-color:#999}.elementor-social-icon-behance{background-color:#1769ff}.elementor-social-icon-bitbucket{background-color:#205081}.elementor-social-icon-codepen{background-color:#000}.elementor-social-icon-delicious{background-color:#39f}.elementor-social-icon-deviantart{background-color:#05cc47}.elementor-social-icon-digg{background-color:#005be2}.elementor-social-icon-dribbble{background-color:#ea4c89}.elementor-social-icon-elementor{background-color:#d30c5c}.elementor-social-icon-envelope{background-color:#ea4335}.elementor-social-icon-facebook,.elementor-social-icon-facebook-f{background-color:#3b5998}.elementor-social-icon-flickr{background-color:#0063dc}.elementor-social-icon-foursquare{background-color:#2d5be3}.elementor-social-icon-free-code-camp,.elementor-social-icon-freecodecamp{background-color:#006400}.elementor-social-icon-github{background-color:#333}.elementor-social-icon-gitlab{background-color:#e24329}.elementor-social-icon-globe{background-color:#818a91}.elementor-social-icon-google-plus,.elementor-social-icon-google-plus-g{background-color:#dd4b39}.elementor-social-icon-houzz{background-color:#7ac142}.elementor-social-icon-instagram{background-color:#262626}.elementor-social-icon-jsfiddle{background-color:#487aa2}.elementor-social-icon-link{background-color:#818a91}.elementor-social-icon-linkedin,.elementor-social-icon-linkedin-in{background-color:#0077b5}.elementor-social-icon-medium{background-color:#00ab6b}.elementor-social-icon-meetup{background-color:#ec1c40}.elementor-social-icon-mixcloud{background-color:#273a4b}.elementor-social-icon-odnoklassniki{background-color:#f4731c}.elementor-social-icon-pinterest{background-color:#bd081c}.elementor-social-icon-product-hunt{background-color:#da552f}.elementor-social-icon-reddit{background-color:#ff4500}.elementor-social-icon-rss{background-color:#f26522}.elementor-social-icon-shopping-cart{background-color:#4caf50}.elementor-social-icon-skype{background-color:#00aff0}.elementor-social-icon-slideshare{background-color:#0077b5}.elementor-social-icon-snapchat{background-color:#fffc00}.elementor-social-icon-soundcloud{background-color:#f80}.elementor-social-icon-spotify{background-color:#2ebd59}.elementor-social-icon-stack-overflow{background-color:#fe7a15}.elementor-social-icon-steam{background-color:#00adee}.elementor-social-icon-stumbleupon{background-color:#eb4924}.elementor-social-icon-telegram{background-color:#2ca5e0}.elementor-social-icon-thumb-tack{background-color:#1aa1d8}.elementor-social-icon-tripadvisor{background-color:#589442}.elementor-social-icon-tumblr{background-color:#35465c}.elementor-social-icon-twitch{background-color:#6441a5}.elementor-social-icon-twitter{background-color:#1da1f2}.elementor-social-icon-viber{background-color:#665cac}.elementor-social-icon-vimeo{background-color:#1ab7ea}.elementor-social-icon-vk{background-color:#45668e}.elementor-social-icon-weibo{background-color:#dd2430}.elementor-social-icon-weixin{background-color:#31a918}.elementor-social-icon-whatsapp{background-color:#25d366}.elementor-social-icon-wordpress{background-color:#21759b}.elementor-social-icon-xing{background-color:#026466}.elementor-social-icon-yelp{background-color:#af0606}.elementor-social-icon-youtube{background-color:#cd201f}.elementor-social-icon-500px{background-color:#0099e5}.elementor-shape-rounded .elementor-icon.elementor-social-icon{border-radius:10%}.elementor-shape-circle .elementor-icon.elementor-social-icon{border-radius:50%}<\/style>\t\t<div class=\"elementor-social-icons-wrapper elementor-grid\">\n\t\t\t\t\t\t\t<span class=\"elementor-grid-item\">\n\t\t\t\t\t<a class=\"elementor-icon elementor-social-icon elementor-social-icon-facebook-f elementor-repeater-item-421c6ef\" href=\"https:\/\/www.facebook.com\/HamiltonsHavneGalleri\/?msclkid=085b5f5ab06111ecaab026094f76f623\" target=\"_blank\">\n\t\t\t\t\t\t<span class=\"elementor-screen-only\">Facebook-f<\/span>\n\t\t\t\t\t\t<i class=\"fab fa-facebook-f\"><\/i>\t\t\t\t\t<\/a>\n\t\t\t\t<\/span>\n\t\t\t\t\t\t\t<span class=\"elementor-grid-item\">\n\t\t\t\t\t<a class=\"elementor-icon elementor-social-icon elementor-social-icon-twitter elementor-repeater-item-e326a70\" target=\"_blank\">\n\t\t\t\t\t\t<span class=\"elementor-screen-only\">Twitter<\/span>\n\t\t\t\t\t\t<i class=\"fab fa-twitter\"><\/i>\t\t\t\t\t<\/a>\n\t\t\t\t<\/span>\n\t\t\t\t\t\t\t<span class=\"elementor-grid-item\">\n\t\t\t\t\t<a class=\"elementor-icon elementor-social-icon elementor-social-icon-instagram elementor-repeater-item-5dea297\" target=\"_blank\">\n\t\t\t\t\t\t<span class=\"elementor-screen-only\">Instagram<\/span>\n\t\t\t\t\t\t<i class=\"fab fa-instagram\"><\/i>\t\t\t\t\t<\/a>\n\t\t\t\t<\/span>\n\t\t\t\t\t\t\t<span class=\"elementor-grid-item\">\n\t\t\t\t\t<a class=\"elementor-icon elementor-social-icon elementor-social-icon-flickr elementor-repeater-item-fde384f\" target=\"_blank\">\n\t\t\t\t\t\t<span class=\"elementor-screen-only\">Flickr<\/span>\n\t\t\t\t\t\t<i class=\"fab fa-flickr\"><\/i>\t\t\t\t\t<\/a>\n\t\t\t\t<\/span>\n\t\t\t\t\t\t\t<span class=\"elementor-grid-item\">\n\t\t\t\t\t<a class=\"elementor-icon elementor-social-icon elementor-social-icon-500px elementor-repeater-item-7de4b6d\" target=\"_blank\">\n\t\t\t\t\t\t<span class=\"elementor-screen-only\">500px<\/span>\n\t\t\t\t\t\t<i class=\"fab fa-500px\"><\/i>\t\t\t\t\t<\/a>\n\t\t\t\t<\/span>\n\t\t\t\t\t<\/div>\n\t\t\t\t<\/div>\n\t\t\t\t<\/div>\n\t\t\t\t\t<\/div>\n\t\t<\/div>\n\t\t\t\t\t\t\t<\/div>\n\t\t<\/section>\n\t\t\t\t\t\t\t<\/div>\n\t\t","protected":false},"excerpt":{"rendered":"<p>NYHEDSBREV K\u00e6re gamle som nye kunder! Galleriets \u00e5bningstider i juli hver weekend 11 \u2013 16 -og i godt vejr alle hverdage \u00c5bent alle dage i industriferien minus mandage. \u00a0 Det er med gl\u00e6de Hamiltons Havne Galleri atter i \u00e5r inviterer til fernisering p\u00e5 udstillingen: RUSTIKKE RELATIONER III SAMS\u00d8-BILLEDER &amp; STENT\u00d8J L\u00d8RDAG DEN 9. JULI 13 [&hellip;]<\/p>\n","protected":false},"author":1,"featured_media":0,"parent":0,"menu_order":0,"comment_status":"closed","ping_status":"closed","template":"","meta":[],"_links":{"self":[{"href":"https:\/\/hamilton-art.dk\/index.php\/wp-json\/wp\/v2\/pages\/52"}],"collection":[{"href":"https:\/\/hamilton-art.dk\/index.php\/wp-json\/wp\/v2\/pages"}],"about":[{"href":"https:\/\/hamilton-art.dk\/index.php\/wp-json\/wp\/v2\/types\/page"}],"author":[{"embeddable":true,"href":"https:\/\/hamilton-art.dk\/index.php\/wp-json\/wp\/v2\/users\/1"}],"replies":[{"embeddable":true,"href":"https:\/\/hamilton-art.dk\/index.php\/wp-json\/wp\/v2\/comments?post=52"}],"version-history":[{"count":56,"href":"https:\/\/hamilton-art.dk\/index.php\/wp-json\/wp\/v2\/pages\/52\/revisions"}],"predecessor-version":[{"id":598,"href":"https:\/\/hamilton-art.dk\/index.php\/wp-json\/wp\/v2\/pages\/52\/revisions\/598"}],"wp:attachment":[{"href":"https:\/\/hamilton-art.dk\/index.php\/wp-json\/wp\/v2\/media?parent=52"}],"curies":[{"name":"wp","href":"https:\/\/api.w.org\/{rel}","templated":true}]}}